{"id":13,"date":"2025-07-28T14:46:23","date_gmt":"2025-07-28T12:46:23","guid":{"rendered":"https:\/\/peluqueria-paris.com\/?page_id=13"},"modified":"2025-09-19T11:03:56","modified_gmt":"2025-09-19T09:03:56","slug":"aviso-legal","status":"publish","type":"page","link":"https:\/\/peluqueria-paris.com\/en\/aviso-legal\/","title":{"rendered":"Aviso legal"},"content":{"rendered":"<h1 class=\"wp-block-heading\">Aviso Legal<\/h1>\n\n\n\n<p>En cumplimiento con lo establecido en la Ley 34\/2002, de 11 de julio, de Servicios de la Sociedad de la Informaci\u00f3n y de Comercio Electr\u00f3nico (LSSI-CE), se informa de los siguientes datos de informaci\u00f3n general de este sitio web:<\/p>\n\n\n\n<p><strong>Titular:<\/strong> Najib Ez Zaher<br><strong>NIF:<\/strong> X7670521K<br><strong>Nombre comercial:<\/strong> Peluquer\u00eda Par\u00eds<br><strong>Direcci\u00f3n:<\/strong> Calle Manuel de Falla 10, 31005, Pamplona (Navarra)<br><strong>Tel\u00e9fono:<\/strong> 948 950 430<br><strong>Correo electr\u00f3nico:<\/strong> <a>salonnajibrayan@gmail.com<\/a><\/p>\n\n\n\n<h2 class=\"wp-block-heading\">Condiciones de uso<\/h2>\n\n\n\n<p>El acceso y uso de este sitio web atribuye la condici\u00f3n de usuario, aceptando desde dicho acceso y uso las presentes condiciones.<\/p>\n\n\n\n<p>El usuario se compromete a hacer un uso adecuado de los contenidos que se ofrecen a trav\u00e9s de este sitio web y a no emplearlos para:<\/p>\n\n\n\n<ul class=\"wp-block-list\">\n<li>Incurrir en actividades il\u00edcitas, ilegales o contrarias a la buena fe y al orden p\u00fablico.<\/li>\n\n\n\n<li>Difundir contenidos o propaganda de car\u00e1cter racista, xen\u00f3fobo, pornogr\u00e1fico, de apolog\u00eda del terrorismo o que atenten contra los derechos humanos.<\/li>\n\n\n\n<li>Provocar da\u00f1os en los sistemas f\u00edsicos y l\u00f3gicos del titular del sitio, de sus proveedores o de terceras personas.<\/li>\n<\/ul>\n\n\n\n<h2 class=\"wp-block-heading\">Responsabilidad<\/h2>\n\n\n\n<p>El titular no se hace responsable de los da\u00f1os y perjuicios que puedan derivarse del mal uso de este sitio web ni de los contenidos enlazados desde el mismo, que sean responsabilidad de sus respectivos titulares.<\/p>\n\n\n\n<h2 class=\"wp-block-heading\">Propiedad intelectual e industrial<\/h2>\n\n\n\n<p>Los contenidos de esta web, incluyendo textos, im\u00e1genes, logotipos, dise\u00f1os y c\u00f3digo fuente, est\u00e1n protegidos por derechos de propiedad intelectual e industrial, de los cuales es titular o cuenta con autorizaci\u00f3n expresa para su utilizaci\u00f3n.<\/p>\n\n\n\n<p>Queda prohibida la reproducci\u00f3n, distribuci\u00f3n o transformaci\u00f3n de dichos contenidos sin autorizaci\u00f3n previa del titular.<\/p>\n\n\n\n<h2 class=\"wp-block-heading\">Protecci\u00f3n de datos<\/h2>\n\n\n\n<p>Los datos personales facilitados a trav\u00e9s de esta web ser\u00e1n tratados conforme a lo establecido en la normativa vigente en materia de protecci\u00f3n de datos personales y en la <strong>Pol\u00edtica de Privacidad<\/strong> publicada en este sitio.<\/p>\n\n\n\n<h2 class=\"wp-block-heading\">Legislaci\u00f3n aplicable<\/h2>\n\n\n\n<p>El presente Aviso Legal se rige en todos y cada uno de sus extremos por la legislaci\u00f3n espa\u00f1ola.<\/p>","protected":false},"excerpt":{"rendered":"<p>Aviso Legal En cumplimiento con lo establecido en la Ley 34\/2002, de 11 de julio, de Servicios de la Sociedad de la Informaci\u00f3n y de Comercio Electr\u00f3nico (LSSI-CE), se informa de los siguientes datos de informaci\u00f3n general de este sitio web: Titular: Najib Ez ZaherNIF: X7670521KNombre comercial: Peluquer\u00eda Par\u00edsDirecci\u00f3n: Calle Manuel de Falla 10, 31005, [&hellip;]<\/p>","protected":false},"author":2,"featured_media":0,"parent":0,"menu_order":0,"comment_status":"closed","ping_status":"closed","template":"","meta":{"footnotes":""},"class_list":["post-13","page","type-page","status-publish","hentry"],"_links":{"self":[{"href":"https:\/\/peluqueria-paris.com\/en\/wp-json\/wp\/v2\/pages\/13","targetHints":{"allow":["GET"]}}],"collection":[{"href":"https:\/\/peluqueria-paris.com\/en\/wp-json\/wp\/v2\/pages"}],"about":[{"href":"https:\/\/peluqueria-paris.com\/en\/wp-json\/wp\/v2\/types\/page"}],"author":[{"embeddable":true,"href":"https:\/\/peluqueria-paris.com\/en\/wp-json\/wp\/v2\/users\/2"}],"replies":[{"embeddable":true,"href":"https:\/\/peluqueria-paris.com\/en\/wp-json\/wp\/v2\/comments?post=13"}],"version-history":[{"count":3,"href":"https:\/\/peluqueria-paris.com\/en\/wp-json\/wp\/v2\/pages\/13\/revisions"}],"predecessor-version":[{"id":218,"href":"https:\/\/peluqueria-paris.com\/en\/wp-json\/wp\/v2\/pages\/13\/revisions\/218"}],"wp:attachment":[{"href":"https:\/\/peluqueria-paris.com\/en\/wp-json\/wp\/v2\/media?parent=13"}],"curies":[{"name":"wp","href":"https:\/\/api.w.org\/{rel}","templated":true}]}}